{"id":34513,"date":"2020-08-27T08:23:10","date_gmt":"2020-08-27T12:23:10","guid":{"rendered":"https:\/\/esolutionsfdev.wpenginepowered.com\/privacy-policy\/"},"modified":"2025-11-15T18:23:47","modified_gmt":"2025-11-15T23:23:47","slug":"politique-de-confidentialite","status":"publish","type":"page","link":"https:\/\/esolutionsfurniture.com\/fr\/politique-de-confidentialite\/","title":{"rendered":"Politique de confidentialit\u00e9"},"content":{"rendered":"\t\t<div data-elementor-type=\"wp-page\" data-elementor-id=\"34513\" class=\"elementor elementor-34513 elementor-12954\">\n\t\t\t\t\t\t<section class=\"elementor-section elementor-top-section elementor-element elementor-element-6ea6839 scheme_dark elementor-section-boxed elementor-section-height-default elementor-section-height-default sc_fly_static\" data-id=\"6ea6839\" data-element_type=\"section\" data-settings=\"{&quot;background_background&quot;:&quot;classic&quot;}\">\n\t\t\t\t\t\t\t<div class=\"elementor-background-overlay\"><\/div>\n\t\t\t\t\t\t\t<div class=\"elementor-container elementor-column-gap-extended\">\n\t\t\t\t\t<div class=\"elementor-column elementor-col-100 elementor-top-column elementor-element elementor-element-07bf034 sc_content_align_center sc_layouts_column_icons_position_left sc_fly_static\" data-id=\"07bf034\" data-element_type=\"column\">\n\t\t\t<div class=\"elementor-widget-wrap elementor-element-populated\">\n\t\t\t\t\t\t<div class=\"elementor-element elementor-element-19e162e sc_height_huge sc_layouts_hide_on_mobile sc_fly_static elementor-widget elementor-widget-spacer\" data-id=\"19e162e\" data-element_type=\"widget\" data-widget_type=\"spacer.default\">\n\t\t\t\t<div class=\"elementor-widget-container\">\n\t\t\t\t\t\t\t<div class=\"elementor-spacer\">\n\t\t\t<div class=\"elementor-spacer-inner\"><\/div>\n\t\t<\/div>\n\t\t\t\t\t\t<\/div>\n\t\t\t\t<\/div>\n\t\t\t\t<div class=\"elementor-element elementor-element-64b428f sc_layouts_hide_on_wide sc_layouts_hide_on_desktop sc_layouts_hide_on_notebook sc_layouts_hide_on_tablet sc_fly_static elementor-widget elementor-widget-spacer\" data-id=\"64b428f\" data-element_type=\"widget\" data-widget_type=\"spacer.default\">\n\t\t\t\t<div class=\"elementor-widget-container\">\n\t\t\t\t\t\t\t<div class=\"elementor-spacer\">\n\t\t\t<div class=\"elementor-spacer-inner\"><\/div>\n\t\t<\/div>\n\t\t\t\t\t\t<\/div>\n\t\t\t\t<\/div>\n\t\t\t\t<section class=\"elementor-section elementor-inner-section elementor-element elementor-element-d694337 elementor-section-boxed elementor-section-height-default elementor-section-height-default sc_fly_static\" data-id=\"d694337\" data-element_type=\"section\" id=\"transparent-bg\">\n\t\t\t\t\t\t<div class=\"elementor-container elementor-column-gap-extended\">\n\t\t\t\t\t<div class=\"elementor-column elementor-col-100 elementor-inner-column elementor-element elementor-element-5af1c9e sc_inner_width_2_3 sc_content_align_center sc_layouts_column_icons_position_left sc_fly_static\" data-id=\"5af1c9e\" data-element_type=\"column\">\n\t\t\t<div class=\"elementor-widget-wrap elementor-element-populated\">\n\t\t\t\t\t\t<div class=\"elementor-element elementor-element-36f7889 sc_fly_static elementor-widget elementor-widget-trx_sc_layouts_title\" data-id=\"36f7889\" data-element_type=\"widget\" data-widget_type=\"trx_sc_layouts_title.default\">\n\t\t\t\t<div class=\"elementor-widget-container\">\n\t\t\t\t\t<div class=\"sc_layouts_title sc_align_center with_content without_image without_tint\" ><div class=\"sc_layouts_title_content\"><div class=\"sc_layouts_title_title\"><h1 class=\"sc_layouts_title_caption\">Politique de confidentialit\u00e9<\/h1><\/div><div class=\"sc_layouts_title_breadcrumbs\"><div class=\"breadcrumbs\"><a class=\"breadcrumbs_item home\" href=\"https:\/\/esolutionsfurniture.com\/fr\/\">Accueil<\/a><span class=\"breadcrumbs_delimiter\"><\/span><span class=\"breadcrumbs_item current\">Politique de confidentialit\u00e9<\/span><\/div><\/div><\/div><\/div>\t\t\t\t<\/div>\n\t\t\t\t<\/div>\n\t\t\t\t\t<\/div>\n\t\t<\/div>\n\t\t\t\t\t<\/div>\n\t\t<\/section>\n\t\t\t\t<div class=\"elementor-element elementor-element-837311a sc_layouts_hide_on_wide sc_layouts_hide_on_desktop sc_layouts_hide_on_notebook sc_layouts_hide_on_tablet sc_fly_static elementor-widget elementor-widget-spacer\" data-id=\"837311a\" data-element_type=\"widget\" data-widget_type=\"spacer.default\">\n\t\t\t\t<div class=\"elementor-widget-container\">\n\t\t\t\t\t\t\t<div class=\"elementor-spacer\">\n\t\t\t<div class=\"elementor-spacer-inner\"><\/div>\n\t\t<\/div>\n\t\t\t\t\t\t<\/div>\n\t\t\t\t<\/div>\n\t\t\t\t<div class=\"elementor-element elementor-element-d96db0d sc_height_huge sc_layouts_hide_on_mobile sc_fly_static elementor-widget elementor-widget-spacer\" data-id=\"d96db0d\" data-element_type=\"widget\" data-widget_type=\"spacer.default\">\n\t\t\t\t<div class=\"elementor-widget-container\">\n\t\t\t\t\t\t\t<div class=\"elementor-spacer\">\n\t\t\t<div class=\"elementor-spacer-inner\"><\/div>\n\t\t<\/div>\n\t\t\t\t\t\t<\/div>\n\t\t\t\t<\/div>\n\t\t\t\t\t<\/div>\n\t\t<\/div>\n\t\t\t\t\t<\/div>\n\t\t<\/section>\n\t\t\t\t<section class=\"elementor-section elementor-top-section elementor-element elementor-element-d30896d elementor-section-boxed elementor-section-height-default elementor-section-height-default sc_fly_static\" data-id=\"d30896d\" data-element_type=\"section\">\n\t\t\t\t\t\t<div class=\"elementor-container elementor-column-gap-extended\">\n\t\t\t\t\t<div class=\"elementor-column elementor-col-100 elementor-top-column elementor-element elementor-element-4f2b939 sc_content_align_inherit sc_layouts_column_icons_position_left sc_fly_static\" data-id=\"4f2b939\" data-element_type=\"column\">\n\t\t\t<div class=\"elementor-widget-wrap elementor-element-populated\">\n\t\t\t\t\t\t<div class=\"elementor-element elementor-element-9ec12c0 sc_height_huge sc_fly_static elementor-widget elementor-widget-spacer\" data-id=\"9ec12c0\" data-element_type=\"widget\" data-widget_type=\"spacer.default\">\n\t\t\t\t<div class=\"elementor-widget-container\">\n\t\t\t\t\t\t\t<div class=\"elementor-spacer\">\n\t\t\t<div class=\"elementor-spacer-inner\"><\/div>\n\t\t<\/div>\n\t\t\t\t\t\t<\/div>\n\t\t\t\t<\/div>\n\t\t\t\t\t<\/div>\n\t\t<\/div>\n\t\t\t\t\t<\/div>\n\t\t<\/section>\n\t\t\t\t<section class=\"elementor-section elementor-top-section elementor-element elementor-element-7c1a92f elementor-section-boxed elementor-section-height-default elementor-section-height-default sc_fly_static\" data-id=\"7c1a92f\" data-element_type=\"section\" data-settings=\"{&quot;background_background&quot;:&quot;classic&quot;}\">\n\t\t\t\t\t\t<div class=\"elementor-container elementor-column-gap-extended\">\n\t\t\t\t\t<div class=\"elementor-column elementor-col-100 elementor-top-column elementor-element elementor-element-ace36b1 sc_content_align_inherit sc_layouts_column_icons_position_left sc_fly_static\" data-id=\"ace36b1\" data-element_type=\"column\">\n\t\t\t<div class=\"elementor-widget-wrap elementor-element-populated\">\n\t\t\t\t\t\t<div class=\"elementor-element elementor-element-14e7d4a6 sc_fly_static elementor-widget elementor-widget-text-editor\" data-id=\"14e7d4a6\" data-element_type=\"widget\" data-widget_type=\"text-editor.default\">\n\t\t\t\t<div class=\"elementor-widget-container\">\n\t\t\t\t\t\t\t\t\t<h2 class=\"wp-block-heading\">Politique de confidentialit\u00e9<\/h2>\n<h3 class=\"wp-block-heading\" style=\"font-size: 1.750em; line-height: 1.214em; margin-top: 1.15em; margin-bottom: 0.83em; font-family: 'Cera Pro',sans-serif;\">Introduction<\/h3>\nCompte tenu du d\u00e9veloppement des nouveaux outils de communication, une attention particuli\u00e8re doit \u00eatre accord\u00e9e \u00e0 la protection de votre vie priv\u00e9e. C\u2019est pourquoi nous prenons des mesures afin de respecter la confidentialit\u00e9 des renseignements personnels que nous recueillons.\n<h4 class=\"wp-block-heading\">Collecte des renseignements personnels<\/h4>\nNous collectons l\u2019information suivante\u00a0:\n<ul class=\"wp-block-list\">\n \t<li>Pr\u00e9nom<\/li>\n \t<li>Nom de famille<\/li>\n \t<li>Adresse courriel<\/li>\n \t<li>Num\u00e9ro de t\u00e9l\u00e9phone<\/li>\n<\/ul>\nLes renseignements personnels que nous recueillons sont obtenus par le biais de formulaires et gr\u00e2ce \u00e0 l\u2019interactivit\u00e9 \u00e9tablie entre vous et notre site Web. Nous utilisons \u00e9galement, comme indiqu\u00e9 dans la section suivante, des t\u00e9moins et\/ou des registres pour recueillir des informations sur vous.\n\nLorsque vous visitez notre site Web, il est possible que nous utilisions des t\u00e9moins (cookies) pour collecter des informations de mani\u00e8re anonyme et \u00e9tablir votre profil de visiteur. Un t\u00e9moin est un petit fichier texte contenant un num\u00e9ro d\u2019identification unique, qui identifie le navigateur \u2014 et non l\u2019utilisateur \u2014 sur nos ordinateurs \u00e0 chaque visite de notre site Web.\n\nEn utilisant notre site Web, certaines informations sur votre profil utilisateur peuvent \u00eatre collect\u00e9es automatiquement. Nous utilisons ces informations pour adapter notre site \u00e0 vos pr\u00e9f\u00e9rences et pour recueillir des donn\u00e9es sur la mani\u00e8re dont notre site est utilis\u00e9 et consult\u00e9, afin d\u2019am\u00e9liorer ses fonctionnalit\u00e9s.\n\nVous pouvez configurer votre navigateur pour qu\u2019il vous avertisse lorsque vous recevez des t\u00e9moins ou pour d\u00e9sactiver les t\u00e9moins. Vous n\u2019\u00eates pas oblig\u00e9 d\u2019accepter les t\u00e9moins pour acc\u00e9der \u00e0 notre site Web. Cependant, si vous les d\u00e9sactivez, certaines fonctionnalit\u00e9s de notre site risquent de ne pas \u00eatre accessibles.\n<h4 class=\"wp-block-heading\">Formulaires et interactivit\u00e9<\/h4>\nVos renseignements personnels sont recueillis \u00e0 l\u2019aide d\u2019un formulaire, \u00e0 savoir\u00a0:\n<ul class=\"wp-block-list\">\n \t<li>Nous joindre<\/li>\n<\/ul>\nVos informations sont \u00e9galement recueillies gr\u00e2ce \u00e0 l\u2019interactivit\u00e9 qui peut s\u2019\u00e9tablir entre vous et notre site Web comme suit\u00a0:\n<ul class=\"wp-block-list\">\n \t<li>Nous joindre<\/li>\n<\/ul>\n<h4 class=\"wp-block-heading\">Droit d\u2019opposition et de r\u00e9tractation<\/h4>\nNous nous engageons \u00e0 vous offrir le droit de vous opposer et de retirer vos renseignements personnels. Le droit d\u2019opposition s\u2019entend comme la possibilit\u00e9 offerte aux internautes de refuser que leurs renseignements personnels soient utilis\u00e9s \u00e0 certaines fins mentionn\u00e9es lors de la collecte.\nLe droit de r\u00e9tractation est la possibilit\u00e9 pour les internautes de demander que leurs renseignements personnels ne figurent plus, par exemple, dans une liste de diffusion.\nPour exercer ces droits, vous pouvez contacter\u00a0:\u00a0<a href=\"https:\/\/mail.google.com\/mail\/?view=cm&amp;fs=1&amp;tf=1&amp;to=info@esolutionsfurniture.com\" target=\"_blank\" rel=\"noopener\">info@esolutionsfurniture.com<\/a>\n<h4 class=\"wp-block-heading\">Droit d\u2019acc\u00e8s<\/h4>\nNous nous engageons \u00e0 reconna\u00eetre un droit d\u2019acc\u00e8s et de rectification aux personnes concern\u00e9es qui souhaitent consulter, modifier ou m\u00eame supprimer les informations les concernant. L\u2019exercice de ce droit peut \u00eatre r\u00e9alis\u00e9 en envoyant un courriel \u00e0 l\u2019adresse suivante\u00a0:\u00a0<a href=\"https:\/\/mail.google.com\/mail\/?view=cm&amp;fs=1&amp;tf=1&amp;to=info@esolutionsfurniture.com\" target=\"_blank\" rel=\"noopener\">info@esolutionsfurniture.com<\/a>\n<h4 class=\"wp-block-heading\">S\u00e9curit\u00e9<\/h4>\nLes renseignements personnels que nous recueillons sont conserv\u00e9s dans un environnement s\u00e9curis\u00e9. Le personnel qui travaille pour nous est tenu de respecter la confidentialit\u00e9 de vos informations. Pour assurer la s\u00e9curit\u00e9 de vos renseignements personnels, nous utilisons les mesures suivantes\u00a0:\n<ul class=\"wp-block-list\">\n \t<li>Contr\u00f4le d\u2019acc\u00e8s<\/li>\n<\/ul>\nNous nous engageons \u00e0 maintenir un haut niveau de confidentialit\u00e9 en int\u00e9grant les derni\u00e8res innovations technologiques pour assurer la confidentialit\u00e9 de vos renseignements. Toutefois, \u00e9tant donn\u00e9 qu\u2019aucun m\u00e9canisme ne garantit une s\u00e9curit\u00e9 totale, un certain risque est toujours pr\u00e9sent lorsqu\u2019on utilise l\u2019internet pour transmettre des renseignements personnels.\t\t\t\t\t\t\t\t<\/div>\n\t\t\t\t<\/div>\n\t\t\t\t\t<\/div>\n\t\t<\/div>\n\t\t\t\t\t<\/div>\n\t\t<\/section>\n\t\t\t\t<section class=\"elementor-section elementor-top-section elementor-element elementor-element-58855bf elementor-section-boxed elementor-section-height-default elementor-section-height-default sc_fly_static\" data-id=\"58855bf\" data-element_type=\"section\">\n\t\t\t\t\t\t<div class=\"elementor-container elementor-column-gap-extended\">\n\t\t\t\t\t<div class=\"elementor-column elementor-col-100 elementor-top-column elementor-element elementor-element-8317f50 sc_content_align_inherit sc_layouts_column_icons_position_left sc_fly_static\" data-id=\"8317f50\" data-element_type=\"column\">\n\t\t\t<div class=\"elementor-widget-wrap elementor-element-populated\">\n\t\t\t\t\t\t<div class=\"elementor-element elementor-element-470c153 sc_height_huge sc_fly_static elementor-widget elementor-widget-spacer\" data-id=\"470c153\" data-element_type=\"widget\" data-widget_type=\"spacer.default\">\n\t\t\t\t<div class=\"elementor-widget-container\">\n\t\t\t\t\t\t\t<div class=\"elementor-spacer\">\n\t\t\t<div class=\"elementor-spacer-inner\"><\/div>\n\t\t<\/div>\n\t\t\t\t\t\t<\/div>\n\t\t\t\t<\/div>\n\t\t\t\t\t<\/div>\n\t\t<\/div>\n\t\t\t\t\t<\/div>\n\t\t<\/section>\n\t\t\t\t<\/div>\n\t\t","protected":false},"excerpt":{"rendered":"<p>Page (post) title HomePage (post) title Politique de confidentialit\u00e9 Introduction Compte tenu du d\u00e9veloppement des nouveaux outils de communication, une attention particuli\u00e8re doit \u00eatre accord\u00e9e \u00e0 la protection de votre&hellip;<\/p>\n","protected":false},"author":5,"featured_media":0,"parent":0,"menu_order":0,"comment_status":"closed","ping_status":"closed","template":"","meta":{"footnotes":""},"class_list":["post-34513","page","type-page","status-publish","hentry"],"featured_image_src":null,"featured_image_src_square":null,"_links":{"self":[{"href":"https:\/\/esolutionsfurniture.com\/fr\/wp-json\/wp\/v2\/pages\/34513","targetHints":{"allow":["GET"]}}],"collection":[{"href":"https:\/\/esolutionsfurniture.com\/fr\/wp-json\/wp\/v2\/pages"}],"about":[{"href":"https:\/\/esolutionsfurniture.com\/fr\/wp-json\/wp\/v2\/types\/page"}],"author":[{"embeddable":true,"href":"https:\/\/esolutionsfurniture.com\/fr\/wp-json\/wp\/v2\/users\/5"}],"replies":[{"embeddable":true,"href":"https:\/\/esolutionsfurniture.com\/fr\/wp-json\/wp\/v2\/comments?post=34513"}],"version-history":[{"count":0,"href":"https:\/\/esolutionsfurniture.com\/fr\/wp-json\/wp\/v2\/pages\/34513\/revisions"}],"wp:attachment":[{"href":"https:\/\/esolutionsfurniture.com\/fr\/wp-json\/wp\/v2\/media?parent=34513"}],"curies":[{"name":"wp","href":"https:\/\/api.w.org\/{rel}","templated":true}]}}