{"id":34508,"date":"2025-07-25T22:15:31","date_gmt":"2025-07-26T02:15:31","guid":{"rendered":"https:\/\/esolutionsfdev.wpenginepowered.com\/careers\/"},"modified":"2025-11-15T18:45:35","modified_gmt":"2025-11-15T23:45:35","slug":"carrieres","status":"publish","type":"page","link":"https:\/\/esolutionsfurniture.com\/fr\/carrieres\/","title":{"rendered":"Carri\u00e8res"},"content":{"rendered":"\t\t<div data-elementor-type=\"wp-page\" data-elementor-id=\"34508\" class=\"elementor elementor-34508 elementor-34317\">\n\t\t\t\t\t\t<section class=\"elementor-section elementor-top-section elementor-element elementor-element-2e0bceb scheme_dark elementor-section-boxed elementor-section-height-default elementor-section-height-default sc_fly_static\" data-id=\"2e0bceb\" data-element_type=\"section\" data-settings=\"{&quot;background_background&quot;:&quot;classic&quot;}\">\n\t\t\t\t\t\t\t<div class=\"elementor-background-overlay\"><\/div>\n\t\t\t\t\t\t\t<div class=\"elementor-container elementor-column-gap-extended\">\n\t\t\t\t\t<div class=\"elementor-column elementor-col-100 elementor-top-column elementor-element elementor-element-7fac1b5 sc_content_align_center sc_layouts_column_icons_position_left sc_fly_static\" data-id=\"7fac1b5\" data-element_type=\"column\">\n\t\t\t<div class=\"elementor-widget-wrap elementor-element-populated\">\n\t\t\t\t\t\t<div class=\"elementor-element elementor-element-ff6b23d sc_height_huge sc_layouts_hide_on_mobile sc_fly_static elementor-widget elementor-widget-spacer\" data-id=\"ff6b23d\" data-element_type=\"widget\" data-widget_type=\"spacer.default\">\n\t\t\t\t<div class=\"elementor-widget-container\">\n\t\t\t\t\t\t\t<div class=\"elementor-spacer\">\n\t\t\t<div class=\"elementor-spacer-inner\"><\/div>\n\t\t<\/div>\n\t\t\t\t\t\t<\/div>\n\t\t\t\t<\/div>\n\t\t\t\t<div class=\"elementor-element elementor-element-af53f85 sc_layouts_hide_on_wide sc_layouts_hide_on_desktop sc_layouts_hide_on_notebook sc_layouts_hide_on_tablet sc_fly_static elementor-widget elementor-widget-spacer\" data-id=\"af53f85\" data-element_type=\"widget\" data-widget_type=\"spacer.default\">\n\t\t\t\t<div class=\"elementor-widget-container\">\n\t\t\t\t\t\t\t<div class=\"elementor-spacer\">\n\t\t\t<div class=\"elementor-spacer-inner\"><\/div>\n\t\t<\/div>\n\t\t\t\t\t\t<\/div>\n\t\t\t\t<\/div>\n\t\t\t\t<section class=\"elementor-section elementor-inner-section elementor-element elementor-element-90692de elementor-section-boxed elementor-section-height-default elementor-section-height-default sc_fly_static\" data-id=\"90692de\" data-element_type=\"section\" id=\"transparent-bg\">\n\t\t\t\t\t\t<div class=\"elementor-container elementor-column-gap-extended\">\n\t\t\t\t\t<div class=\"elementor-column elementor-col-100 elementor-inner-column elementor-element elementor-element-c7c9517 sc_inner_width_1_3 sc_content_align_center sc_layouts_column_icons_position_left sc_fly_static\" data-id=\"c7c9517\" data-element_type=\"column\">\n\t\t\t<div class=\"elementor-widget-wrap elementor-element-populated\">\n\t\t\t\t\t\t<div class=\"elementor-element elementor-element-34c786c sc_fly_static elementor-widget elementor-widget-heading\" data-id=\"34c786c\" data-element_type=\"widget\" data-widget_type=\"heading.default\">\n\t\t\t\t<div class=\"elementor-widget-container\">\n\t\t\t\t\t<h1 class=\"elementor-heading-title elementor-size-default\">Carri\u00e8res<\/h1>\t\t\t\t<\/div>\n\t\t\t\t<\/div>\n\t\t\t\t<div class=\"elementor-element elementor-element-9827220 sc_fly_static elementor-widget elementor-widget-trx_sc_layouts_title\" data-id=\"9827220\" data-element_type=\"widget\" data-widget_type=\"trx_sc_layouts_title.default\">\n\t\t\t\t<div class=\"elementor-widget-container\">\n\t\t\t\t\t<div class=\"sc_layouts_title sc_align_center with_content without_image without_tint\" ><div class=\"sc_layouts_title_content\"><div class=\"sc_layouts_title_breadcrumbs\"><div class=\"breadcrumbs\"><a class=\"breadcrumbs_item home\" href=\"https:\/\/esolutionsfurniture.com\/fr\/\">Accueil<\/a><span class=\"breadcrumbs_delimiter\"><\/span><span class=\"breadcrumbs_item current\">Carri\u00e8res<\/span><\/div><\/div><\/div><\/div>\t\t\t\t<\/div>\n\t\t\t\t<\/div>\n\t\t\t\t\t<\/div>\n\t\t<\/div>\n\t\t\t\t\t<\/div>\n\t\t<\/section>\n\t\t\t\t<div class=\"elementor-element elementor-element-ceb794c sc_layouts_hide_on_wide sc_layouts_hide_on_desktop sc_layouts_hide_on_notebook sc_layouts_hide_on_tablet sc_fly_static elementor-widget elementor-widget-spacer\" data-id=\"ceb794c\" data-element_type=\"widget\" data-widget_type=\"spacer.default\">\n\t\t\t\t<div class=\"elementor-widget-container\">\n\t\t\t\t\t\t\t<div class=\"elementor-spacer\">\n\t\t\t<div class=\"elementor-spacer-inner\"><\/div>\n\t\t<\/div>\n\t\t\t\t\t\t<\/div>\n\t\t\t\t<\/div>\n\t\t\t\t<div class=\"elementor-element elementor-element-46daf62 sc_height_huge sc_layouts_hide_on_mobile sc_fly_static elementor-widget elementor-widget-spacer\" data-id=\"46daf62\" data-element_type=\"widget\" data-widget_type=\"spacer.default\">\n\t\t\t\t<div class=\"elementor-widget-container\">\n\t\t\t\t\t\t\t<div class=\"elementor-spacer\">\n\t\t\t<div class=\"elementor-spacer-inner\"><\/div>\n\t\t<\/div>\n\t\t\t\t\t\t<\/div>\n\t\t\t\t<\/div>\n\t\t\t\t\t<\/div>\n\t\t<\/div>\n\t\t\t\t\t<\/div>\n\t\t<\/section>\n\t\t\t\t<section class=\"elementor-section elementor-top-section elementor-element elementor-element-7f7d042 elementor-section-full_width elementor-section-height-default elementor-section-height-default sc_fly_static\" data-id=\"7f7d042\" data-element_type=\"section\" data-settings=\"{&quot;background_background&quot;:&quot;classic&quot;}\">\n\t\t\t\t\t\t<div class=\"elementor-container elementor-column-gap-no\">\n\t\t\t\t\t<div class=\"elementor-column elementor-col-100 elementor-top-column elementor-element elementor-element-5ed1adf sc_content_align_inherit sc_layouts_column_icons_position_left sc_fly_static\" data-id=\"5ed1adf\" data-element_type=\"column\">\n\t\t\t<div class=\"elementor-widget-wrap elementor-element-populated\">\n\t\t\t\t\t\t<div class=\"elementor-element elementor-element-eb7c639 sc_height_huge sc_layouts_hide_on_mobile sc_layouts_hide_on_tablet sc_fly_static elementor-widget elementor-widget-spacer\" data-id=\"eb7c639\" data-element_type=\"widget\" data-widget_type=\"spacer.default\">\n\t\t\t\t<div class=\"elementor-widget-container\">\n\t\t\t\t\t\t\t<div class=\"elementor-spacer\">\n\t\t\t<div class=\"elementor-spacer-inner\"><\/div>\n\t\t<\/div>\n\t\t\t\t\t\t<\/div>\n\t\t\t\t<\/div>\n\t\t\t\t<div class=\"elementor-element elementor-element-b466ce0 sc_height_medium sc_layouts_hide_on_wide sc_layouts_hide_on_desktop sc_layouts_hide_on_notebook sc_fly_static elementor-widget elementor-widget-spacer\" data-id=\"b466ce0\" data-element_type=\"widget\" data-widget_type=\"spacer.default\">\n\t\t\t\t<div class=\"elementor-widget-container\">\n\t\t\t\t\t\t\t<div class=\"elementor-spacer\">\n\t\t\t<div class=\"elementor-spacer-inner\"><\/div>\n\t\t<\/div>\n\t\t\t\t\t\t<\/div>\n\t\t\t\t<\/div>\n\t\t\t\t<div class=\"elementor-element elementor-element-9d35b69 sc_fly_static elementor-widget elementor-widget-html\" data-id=\"9d35b69\" data-element_type=\"widget\" data-widget_type=\"html.default\">\n\t\t\t\t<div class=\"elementor-widget-container\">\n\t\t\t\t\t<h2 class=\"screen-reader-text\">Subheading (hidden)<\/h2>\t\t\t\t<\/div>\n\t\t\t\t<\/div>\n\t\t\t\t<div class=\"elementor-element elementor-element-6e40966 sc_fly_static elementor-widget elementor-widget-trx_sc_title\" data-id=\"6e40966\" data-element_type=\"widget\" data-widget_type=\"trx_sc_title.default\">\n\t\t\t\t<div class=\"elementor-widget-container\">\n\t\t\t\t\t<div\t\tclass=\"sc_title sc_title_default\" ><h3 class=\"sc_item_title sc_title_title sc_align_center sc_item_title_style_default sc_item_title_tag\"\n\t\t\t><span class=\"sc_item_title_text\">Faites partie d'une \u00e9quipe gagnante<\/span><\/h3><div class=\"sc_item_descr sc_title_descr sc_align_center\"><p>L'int\u00e9grit\u00e9, la responsabilit\u00e9 et le respect sont au c\u0153ur de la culture d\u2019eSolutions ameublement. Cliquez ci-dessous pour voir les postes disponibles et pour postuler facilement afin de commencer votre nouvelle carri\u00e8re dans nos installations canadiennes et am\u00e9ricaines.<\/p>\n<\/div><\/div>\t\t\t\t<\/div>\n\t\t\t\t<\/div>\n\t\t\t\t<div class=\"elementor-element elementor-element-548cf31 sc_height_medium sc_layouts_hide_on_wide sc_layouts_hide_on_desktop sc_layouts_hide_on_notebook sc_fly_static elementor-widget elementor-widget-spacer\" data-id=\"548cf31\" data-element_type=\"widget\" data-widget_type=\"spacer.default\">\n\t\t\t\t<div class=\"elementor-widget-container\">\n\t\t\t\t\t\t\t<div class=\"elementor-spacer\">\n\t\t\t<div class=\"elementor-spacer-inner\"><\/div>\n\t\t<\/div>\n\t\t\t\t\t\t<\/div>\n\t\t\t\t<\/div>\n\t\t\t\t<div class=\"elementor-element elementor-element-82a6b77 sc_height_medium sc_layouts_hide_on_mobile sc_layouts_hide_on_tablet sc_fly_static elementor-widget elementor-widget-spacer\" data-id=\"82a6b77\" data-element_type=\"widget\" data-widget_type=\"spacer.default\">\n\t\t\t\t<div class=\"elementor-widget-container\">\n\t\t\t\t\t\t\t<div class=\"elementor-spacer\">\n\t\t\t<div class=\"elementor-spacer-inner\"><\/div>\n\t\t<\/div>\n\t\t\t\t\t\t<\/div>\n\t\t\t\t<\/div>\n\t\t\t\t<div class=\"elementor-element elementor-element-8e9166b sc_fly_static elementor-widget elementor-widget-spacer\" data-id=\"8e9166b\" data-element_type=\"widget\" data-widget_type=\"spacer.default\">\n\t\t\t\t<div class=\"elementor-widget-container\">\n\t\t\t\t\t\t\t<div class=\"elementor-spacer\">\n\t\t\t<div class=\"elementor-spacer-inner\"><\/div>\n\t\t<\/div>\n\t\t\t\t\t\t<\/div>\n\t\t\t\t<\/div>\n\t\t\t\t\t<\/div>\n\t\t<\/div>\n\t\t\t\t\t<\/div>\n\t\t<\/section>\n\t\t\t\t<section class=\"elementor-section elementor-top-section elementor-element elementor-element-2bfea277 careers-services-boxes elementor-section-boxed elementor-section-height-default elementor-section-height-default sc_fly_static\" data-id=\"2bfea277\" data-element_type=\"section\">\n\t\t\t\t\t\t<div class=\"elementor-container elementor-column-gap-extended\">\n\t\t\t\t\t<div class=\"elementor-column elementor-col-100 elementor-top-column elementor-element elementor-element-4959ac85 sc_content_align_inherit sc_layouts_column_icons_position_left sc_fly_static\" data-id=\"4959ac85\" data-element_type=\"column\">\n\t\t\t<div class=\"elementor-widget-wrap elementor-element-populated\">\n\t\t\t\t\t\t<div class=\"elementor-element elementor-element-768fca92 sc_fly_static elementor-widget elementor-widget-spacer\" data-id=\"768fca92\" data-element_type=\"widget\" data-widget_type=\"spacer.default\">\n\t\t\t\t<div class=\"elementor-widget-container\">\n\t\t\t\t\t\t\t<div class=\"elementor-spacer\">\n\t\t\t<div class=\"elementor-spacer-inner\"><\/div>\n\t\t<\/div>\n\t\t\t\t\t\t<\/div>\n\t\t\t\t<\/div>\n\t\t\t\t<div class=\"elementor-element elementor-element-33d6ee17 sc_fly_static elementor-widget elementor-widget-trx_sc_services\" data-id=\"33d6ee17\" data-element_type=\"widget\" data-widget_type=\"trx_sc_services.default\">\n\t\t\t\t<div class=\"elementor-widget-container\">\n\t\t\t\t\t<div class=\"sc_services sc_services_unusual sc_services_featured_top\"><div class=\"sc_services_columns_wrap sc_item_columns sc_item_posts_container sc_item_columns_2 trx_addons_columns_wrap columns_padding_bottom columns_in_single_row\"><div class=\"trx_addons_column-1_2\"><div data-post-id=\"34522\" class=\"sc_services_item sc_item_container post_container without_content with_image sc_services_item_featured_top post-34522 cpt_services type-cpt_services status-publish has-post-thumbnail hentry cpt_services_group-careers-links-fr\">\r\n\t<div class=\"post_featured with_thumb hover_link sc_services_item_thumb\"><img fetchpriority=\"high\" decoding=\"async\" width=\"820\" height=\"612\" src=\"https:\/\/esolutionsfurniture.com\/wp-content\/uploads\/2025\/07\/Jobs-in-Canada-min.jpg\" class=\"attachment-strux-thumb-square size-strux-thumb-square wp-post-image\" alt=\"Jobs in Canada-min\" srcset=\"https:\/\/esolutionsfurniture.com\/wp-content\/uploads\/2025\/07\/Jobs-in-Canada-min.jpg 820w, https:\/\/esolutionsfurniture.com\/wp-content\/uploads\/2025\/07\/Jobs-in-Canada-min-300x224.jpg 300w, https:\/\/esolutionsfurniture.com\/wp-content\/uploads\/2025\/07\/Jobs-in-Canada-min-768x573.jpg 768w, https:\/\/esolutionsfurniture.com\/wp-content\/uploads\/2025\/07\/Jobs-in-Canada-min-370x276.jpg 370w, https:\/\/esolutionsfurniture.com\/wp-content\/uploads\/2025\/07\/Jobs-in-Canada-min-410x306.jpg 410w\" sizes=\"(max-width: 820px) 100vw, 820px\" \/>\t\t\t\t\t\t<div class=\"mask\"><\/div>\n\t\t\t\t\t\t<a class=\"post_link sc_services_item_link\" href=\"https:\/\/esolutionsfurniture.com\/fr\/services\/see-our-canadian-based-career-opportunities\/\"><\/a>\t\t\t<a href=\"https:\/\/esolutionsfurniture.com\/fr\/services\/see-our-canadian-based-career-opportunities\/\"  aria-hidden=\"true\" class=\"link\"><span class=\"sr-only\">(opens in a new window)<\/span><\/a>\r\n\t\t\t<\/div>    <div class=\"sc_services_item_info\">\r\n\t\t\t\t<div class=\"sc_services_item_header\">\r\n\t\t\t<div class=\"sc_services_item_title_wrap\">\r\n\r\n                <h4 class=\"sc_services_item_title entry-title\">                        <a href=\"https:\/\/esolutionsfurniture.com\/fr\/services\/see-our-canadian-based-career-opportunities\/\" aria-label=\"Opportunit\u00e9s de carri\u00e8re au Canada\"><span class=\"sc_services_item_number\">01.<\/span><span class=\"sc_services_item_title_text\">Opportunit\u00e9s de carri\u00e8re au Canada<\/span><\/a><\/h4>\r\n                <div class=\"sc_services_item_button sc_item_button\">\r\n                    <a href=\"https:\/\/esolutionsfurniture.com\/fr\/services\/see-our-canadian-based-career-opportunities\/\" class=\"sc_services_item_more_link\" aria-label=\"Read More\">\r\n                        <span class=\"link_text\">Read More<\/span><span class=\"link_icon\"><\/span>\r\n                    <\/a>\r\n                    <\/div><\/div>\t\t<\/div>\r\n\t\t\r\n\t\t<\/div>\r\n<\/div>\r\n<\/div><div class=\"trx_addons_column-1_2\"><div data-post-id=\"34521\" class=\"sc_services_item sc_item_container post_container without_content with_image sc_services_item_featured_top post-34521 cpt_services type-cpt_services status-publish has-post-thumbnail hentry cpt_services_group-careers-links-fr\">\r\n\t<div class=\"post_featured with_thumb hover_link sc_services_item_thumb\"><img decoding=\"async\" width=\"820\" height=\"612\" src=\"https:\/\/esolutionsfurniture.com\/wp-content\/uploads\/2025\/07\/US-jobs_cut-min.jpg\" class=\"attachment-strux-thumb-square size-strux-thumb-square wp-post-image\" alt=\"US jobs_cut-min\" srcset=\"https:\/\/esolutionsfurniture.com\/wp-content\/uploads\/2025\/07\/US-jobs_cut-min.jpg 820w, https:\/\/esolutionsfurniture.com\/wp-content\/uploads\/2025\/07\/US-jobs_cut-min-300x224.jpg 300w, https:\/\/esolutionsfurniture.com\/wp-content\/uploads\/2025\/07\/US-jobs_cut-min-768x573.jpg 768w, https:\/\/esolutionsfurniture.com\/wp-content\/uploads\/2025\/07\/US-jobs_cut-min-370x276.jpg 370w, https:\/\/esolutionsfurniture.com\/wp-content\/uploads\/2025\/07\/US-jobs_cut-min-410x306.jpg 410w\" sizes=\"(max-width: 820px) 100vw, 820px\" \/>\t\t\t\t\t\t<div class=\"mask\"><\/div>\n\t\t\t\t\t\t<a class=\"post_link sc_services_item_link\" href=\"https:\/\/esolutionsfurniture.com\/fr\/services\/see-our-american-based-career-opportunities\/\"><\/a>\t\t\t<a href=\"https:\/\/esolutionsfurniture.com\/fr\/services\/see-our-american-based-career-opportunities\/\"  aria-hidden=\"true\" class=\"link\"><span class=\"sr-only\">(opens in a new window)<\/span><\/a>\r\n\t\t\t<\/div>    <div class=\"sc_services_item_info\">\r\n\t\t\t\t<div class=\"sc_services_item_header\">\r\n\t\t\t<div class=\"sc_services_item_title_wrap\">\r\n\r\n                <h4 class=\"sc_services_item_title entry-title\">                        <a href=\"https:\/\/esolutionsfurniture.com\/fr\/services\/see-our-american-based-career-opportunities\/\" aria-label=\"Opportunit\u00e9s de carri\u00e8re aux \u00c9tas-Unis\"><span class=\"sc_services_item_number\">02.<\/span><span class=\"sc_services_item_title_text\">Opportunit\u00e9s de carri\u00e8re aux \u00c9tas-Unis<\/span><\/a><\/h4>\r\n                <div class=\"sc_services_item_button sc_item_button\">\r\n                    <a href=\"https:\/\/esolutionsfurniture.com\/fr\/services\/see-our-american-based-career-opportunities\/\" class=\"sc_services_item_more_link\" aria-label=\"Read More\">\r\n                        <span class=\"link_text\">Read More<\/span><span class=\"link_icon\"><\/span>\r\n                    <\/a>\r\n                    <\/div><\/div>\t\t<\/div>\r\n\t\t\r\n\t\t<\/div>\r\n<\/div>\r\n<\/div><\/div><\/div>\t\t\t\t<\/div>\n\t\t\t\t<\/div>\n\t\t\t\t<div class=\"elementor-element elementor-element-5969a8e4 sc_fly_static elementor-widget elementor-widget-spacer\" data-id=\"5969a8e4\" data-element_type=\"widget\" data-widget_type=\"spacer.default\">\n\t\t\t\t<div class=\"elementor-widget-container\">\n\t\t\t\t\t\t\t<div class=\"elementor-spacer\">\n\t\t\t<div class=\"elementor-spacer-inner\"><\/div>\n\t\t<\/div>\n\t\t\t\t\t\t<\/div>\n\t\t\t\t<\/div>\n\t\t\t\t\t<\/div>\n\t\t<\/div>\n\t\t\t\t\t<\/div>\n\t\t<\/section>\n\t\t\t\t<section class=\"elementor-section elementor-top-section elementor-element elementor-element-62b61aa elementor-section-boxed elementor-section-height-default elementor-section-height-default sc_fly_static\" data-id=\"62b61aa\" data-element_type=\"section\">\n\t\t\t\t\t\t<div class=\"elementor-container elementor-column-gap-extended\">\n\t\t\t\t\t<div class=\"elementor-column elementor-col-100 elementor-top-column elementor-element elementor-element-618b81e sc_content_align_inherit sc_layouts_column_icons_position_left sc_fly_static\" data-id=\"618b81e\" data-element_type=\"column\">\n\t\t\t<div class=\"elementor-widget-wrap elementor-element-populated\">\n\t\t\t\t\t\t<div class=\"elementor-element elementor-element-9c311f3 sc_height_huge sc_fly_static elementor-widget elementor-widget-spacer\" data-id=\"9c311f3\" data-element_type=\"widget\" data-widget_type=\"spacer.default\">\n\t\t\t\t<div class=\"elementor-widget-container\">\n\t\t\t\t\t\t\t<div class=\"elementor-spacer\">\n\t\t\t<div class=\"elementor-spacer-inner\"><\/div>\n\t\t<\/div>\n\t\t\t\t\t\t<\/div>\n\t\t\t\t<\/div>\n\t\t\t\t<div class=\"elementor-element elementor-element-eb08c22 sc_fly_static elementor-widget elementor-widget-spacer\" data-id=\"eb08c22\" data-element_type=\"widget\" data-widget_type=\"spacer.default\">\n\t\t\t\t<div class=\"elementor-widget-container\">\n\t\t\t\t\t\t\t<div class=\"elementor-spacer\">\n\t\t\t<div class=\"elementor-spacer-inner\"><\/div>\n\t\t<\/div>\n\t\t\t\t\t\t<\/div>\n\t\t\t\t<\/div>\n\t\t\t\t<section class=\"elementor-section elementor-inner-section elementor-element elementor-element-5ceeb45 elementor-section-content-bottom elementor-reverse-tablet elementor-reverse-mobile elementor-section-boxed elementor-section-height-default elementor-section-height-default sc_fly_static\" data-id=\"5ceeb45\" data-element_type=\"section\">\n\t\t\t\t\t\t<div class=\"elementor-container elementor-column-gap-no\">\n\t\t\t\t\t<div data-animation-type=\"block\" class=\"elementor-column elementor-col-50 elementor-inner-column elementor-element elementor-element-93db2c4 scheme_dark sc_content_align_inherit sc_layouts_column_icons_position_left animation_type_block sc_fly_static elementor-invisible\" data-id=\"93db2c4\" data-element_type=\"column\" data-settings=\"{&quot;background_background&quot;:&quot;classic&quot;,&quot;animation&quot;:&quot;strux-fadeinup&quot;}\">\n\t\t\t<div class=\"elementor-widget-wrap elementor-element-populated\">\n\t\t\t\t\t\t<div class=\"elementor-element elementor-element-7ad4a16 sc_fly_static elementor-widget elementor-widget-trx_sc_title\" data-id=\"7ad4a16\" data-element_type=\"widget\" data-widget_type=\"trx_sc_title.default\">\n\t\t\t\t<div class=\"elementor-widget-container\">\n\t\t\t\t\t<div\t\tclass=\"sc_title color_style_dark sc_title_default\" ><h3 class=\"sc_item_title sc_title_title sc_item_title_style_default sc_item_title_tag\"\n\t\t\t><span class=\"sc_item_title_text\">Nous joindre<\/span><\/h3><\/div>\t\t\t\t<\/div>\n\t\t\t\t<\/div>\n\t\t\t\t<div class=\"elementor-element elementor-element-f2a35c3 sc_fly_static elementor-widget elementor-widget-spacer\" data-id=\"f2a35c3\" data-element_type=\"widget\" data-widget_type=\"spacer.default\">\n\t\t\t\t<div class=\"elementor-widget-container\">\n\t\t\t\t\t\t\t<div class=\"elementor-spacer\">\n\t\t\t<div class=\"elementor-spacer-inner\"><\/div>\n\t\t<\/div>\n\t\t\t\t\t\t<\/div>\n\t\t\t\t<\/div>\n\t\t\t\t<div class=\"elementor-element elementor-element-38dfff6 sc_fly_static elementor-widget elementor-widget-text-editor\" data-id=\"38dfff6\" data-element_type=\"widget\" data-widget_type=\"text-editor.default\">\n\t\t\t\t<div class=\"elementor-widget-container\">\n\t\t\t\t\t\t\t\t\t<p>Contactez notre \u00e9quipe d\u00e8s aujourd\u2019hui<\/p>\t\t\t\t\t\t\t\t<\/div>\n\t\t\t\t<\/div>\n\t\t\t\t<div class=\"elementor-element elementor-element-1f6d83a sc_fly_static elementor-widget elementor-widget-spacer\" data-id=\"1f6d83a\" data-element_type=\"widget\" data-widget_type=\"spacer.default\">\n\t\t\t\t<div class=\"elementor-widget-container\">\n\t\t\t\t\t\t\t<div class=\"elementor-spacer\">\n\t\t\t<div class=\"elementor-spacer-inner\"><\/div>\n\t\t<\/div>\n\t\t\t\t\t\t<\/div>\n\t\t\t\t<\/div>\n\t\t\t\t<div class=\"elementor-element elementor-element-df62d9f sc_fly_static elementor-widget elementor-widget-trx_sc_button\" data-id=\"df62d9f\" data-element_type=\"widget\" data-widget_type=\"trx_sc_button.default\">\n\t\t\t\t<div class=\"elementor-widget-container\">\n\t\t\t\t\t<div\tclass=\"sc_item_button sc_button_wrap\" ><a href=\"https:\/\/esolutionsfurniture.com\/fr\/nous-joindre\/\" class=\"sc_button sc_button_default sc_button_size_small sc_button_icon_left color_style_dark\" ><span class=\"sc_button_text\"><span class=\"sc_button_title\">En savoir plus<\/span><\/span><\/a><\/div>\t\t\t\t<\/div>\n\t\t\t\t<\/div>\n\t\t\t\t\t<\/div>\n\t\t<\/div>\n\t\t\t\t<div class=\"elementor-column elementor-col-50 elementor-inner-column elementor-element elementor-element-861a888 sc_content_align_inherit sc_layouts_column_icons_position_left sc_fly_static\" data-id=\"861a888\" data-element_type=\"column\">\n\t\t\t<div class=\"elementor-widget-wrap elementor-element-populated\">\n\t\t\t\t\t\t<div data-animation-type=\"block\" class=\"elementor-element elementor-element-2601d0f animation_type_block sc_fly_static elementor-invisible elementor-widget elementor-widget-image\" data-id=\"2601d0f\" data-element_type=\"widget\" data-settings=\"{&quot;_animation&quot;:&quot;strux-fadeinup&quot;}\" data-widget_type=\"image.default\">\n\t\t\t\t<div class=\"elementor-widget-container\">\n\t\t\t\t\t\t\t\t\t\t\t\t\t\t\t<img decoding=\"async\" width=\"1024\" height=\"696\" src=\"https:\/\/esolutionsfurniture.com\/wp-content\/uploads\/2025\/07\/Contact-us_cut2-min-1024x696.jpg\" class=\"attachment-large size-large wp-image-34437\" alt=\"Contact us_cut2-min\" srcset=\"https:\/\/esolutionsfurniture.com\/wp-content\/uploads\/2025\/07\/Contact-us_cut2-min-1024x696.jpg 1024w, https:\/\/esolutionsfurniture.com\/wp-content\/uploads\/2025\/07\/Contact-us_cut2-min-300x204.jpg 300w, https:\/\/esolutionsfurniture.com\/wp-content\/uploads\/2025\/07\/Contact-us_cut2-min-768x522.jpg 768w, https:\/\/esolutionsfurniture.com\/wp-content\/uploads\/2025\/07\/Contact-us_cut2-min-370x252.jpg 370w, https:\/\/esolutionsfurniture.com\/wp-content\/uploads\/2025\/07\/Contact-us_cut2-min-840x571.jpg 840w, https:\/\/esolutionsfurniture.com\/wp-content\/uploads\/2025\/07\/Contact-us_cut2-min-410x279.jpg 410w, https:\/\/esolutionsfurniture.com\/wp-content\/uploads\/2025\/07\/Contact-us_cut2-min.jpg 1200w\" sizes=\"(max-width: 1024px) 100vw, 1024px\" \/>\t\t\t\t\t\t\t\t\t\t\t\t\t\t\t<\/div>\n\t\t\t\t<\/div>\n\t\t\t\t\t<\/div>\n\t\t<\/div>\n\t\t\t\t\t<\/div>\n\t\t<\/section>\n\t\t\t\t<div class=\"elementor-element elementor-element-b48af44 sc_height_huge sc_fly_static elementor-widget elementor-widget-spacer\" data-id=\"b48af44\" data-element_type=\"widget\" data-widget_type=\"spacer.default\">\n\t\t\t\t<div class=\"elementor-widget-container\">\n\t\t\t\t\t\t\t<div class=\"elementor-spacer\">\n\t\t\t<div class=\"elementor-spacer-inner\"><\/div>\n\t\t<\/div>\n\t\t\t\t\t\t<\/div>\n\t\t\t\t<\/div>\n\t\t\t\t<div class=\"elementor-element elementor-element-3aafcc7 sc_fly_static elementor-widget elementor-widget-spacer\" data-id=\"3aafcc7\" data-element_type=\"widget\" data-widget_type=\"spacer.default\">\n\t\t\t\t<div class=\"elementor-widget-container\">\n\t\t\t\t\t\t\t<div class=\"elementor-spacer\">\n\t\t\t<div class=\"elementor-spacer-inner\"><\/div>\n\t\t<\/div>\n\t\t\t\t\t\t<\/div>\n\t\t\t\t<\/div>\n\t\t\t\t\t<\/div>\n\t\t<\/div>\n\t\t\t\t\t<\/div>\n\t\t<\/section>\n\t\t\t\t<\/div>\n\t\t","protected":false},"excerpt":{"rendered":"<p>Carri\u00e8res HomePage (post) title Subheading (hidden) Faites partie d&rsquo;une \u00e9quipe gagnante L&rsquo;int\u00e9grit\u00e9, la responsabilit\u00e9 et le respect sont au c\u0153ur de la culture d\u2019eSolutions ameublement. Cliquez ci-dessous pour voir les&hellip;<\/p>\n","protected":false},"author":3,"featured_media":0,"parent":0,"menu_order":0,"comment_status":"closed","ping_status":"closed","template":"","meta":{"footnotes":""},"class_list":["post-34508","page","type-page","status-publish","hentry"],"featured_image_src":null,"featured_image_src_square":null,"_links":{"self":[{"href":"https:\/\/esolutionsfurniture.com\/fr\/wp-json\/wp\/v2\/pages\/34508","targetHints":{"allow":["GET"]}}],"collection":[{"href":"https:\/\/esolutionsfurniture.com\/fr\/wp-json\/wp\/v2\/pages"}],"about":[{"href":"https:\/\/esolutionsfurniture.com\/fr\/wp-json\/wp\/v2\/types\/page"}],"author":[{"embeddable":true,"href":"https:\/\/esolutionsfurniture.com\/fr\/wp-json\/wp\/v2\/users\/3"}],"replies":[{"embeddable":true,"href":"https:\/\/esolutionsfurniture.com\/fr\/wp-json\/wp\/v2\/comments?post=34508"}],"version-history":[{"count":0,"href":"https:\/\/esolutionsfurniture.com\/fr\/wp-json\/wp\/v2\/pages\/34508\/revisions"}],"wp:attachment":[{"href":"https:\/\/esolutionsfurniture.com\/fr\/wp-json\/wp\/v2\/media?parent=34508"}],"curies":[{"name":"wp","href":"https:\/\/api.w.org\/{rel}","templated":true}]}}